{"id":11,"date":"2025-02-03T15:26:14","date_gmt":"2025-02-03T14:26:14","guid":{"rendered":"https:\/\/atelierjuzi.com\/?page_id=11"},"modified":"2025-10-17T15:29:56","modified_gmt":"2025-10-17T13:29:56","slug":"domov","status":"publish","type":"page","link":"https:\/\/atelierjuzi.com\/","title":{"rendered":"\u00davod"},"content":{"rendered":"\n<div class=\"wp-block-uagb-buttons uagb-buttons__outer-wrap uagb-btn__default-btn uagb-btn-tablet__default-btn uagb-btn-mobile__default-btn uagb-block-bc4b6b33\"><div class=\"uagb-buttons__wrap uagb-buttons-layout-wrap \">\n<div class=\"wp-block-uagb-buttons-child uagb-buttons__outer-wrap uagb-block-7789c592 wp-block-button\"><div class=\"uagb-button__wrapper\"><a class=\"uagb-buttons-repeater wp-block-button__link\" aria-label=\"\" href=\"#\" rel=\"follow noopener\" target=\"_self\" role=\"button\"><div class=\"uagb-button__link\">Click Here<\/div><\/a><\/div><\/div>\n<\/div><\/div>\n\n\n\n<div style=\"height:169px\" aria-hidden=\"true\" class=\"wp-block-spacer\"><\/div>\n\n\n\n<div class=\"wp-block-cover alignfull is-light\" style=\"margin-top:0;padding-top:5vw;padding-right:5vw;padding-bottom:5vw;padding-left:5vw;min-height:496px;aspect-ratio:unset;\"><span aria-hidden=\"true\" class=\"wp-block-cover__background has-background-dim-100 has-background-dim has-background-gradient\" style=\"background:linear-gradient(90deg,rgb(35,74,20) 50%,rgb(225,137,116) 50%)\"><\/span><div class=\"wp-block-cover__inner-container is-layout-flow wp-block-cover-is-layout-flow\">\n<div class=\"wp-block-group wp-container-content-1 is-layout-constrained wp-container-core-group-is-layout-1 wp-block-group-is-layout-constrained\">\n<h2 class=\"wp-block-heading alignwide has-text-align-center has-white-color has-text-color\" style=\"padding-left:32px;font-size:50px;font-style:normal;font-weight:400;letter-spacing:32px;line-height:1;text-transform:uppercase\">JUZI<\/h2>\n\n\n\n<div style=\"height:61px\" aria-hidden=\"true\" class=\"wp-block-spacer\"><\/div>\n\n\n\n<h3 class=\"wp-block-heading has-text-align-center\"><mark style=\"background-color:rgba(0, 0, 0, 0)\" class=\"has-inline-color has-ast-global-color-5-color\">ATELI\u00c9R, je priestor \u017eije<\/mark><\/h3>\n\n\n\n<div style=\"height:48px\" aria-hidden=\"true\" class=\"wp-block-spacer\"><\/div>\n\n\n\n<h3 class=\"wp-block-heading has-text-align-center\"><mark style=\"background-color:rgba(0, 0, 0, 0)\" class=\"has-inline-color has-ast-global-color-5-color\">KR\u00c1SA                                 DOBRO                                PRAVDA<\/mark><\/h3>\n<\/div>\n<\/div><\/div>\n\n\n\n<h2 class=\"wp-block-heading\"><\/h2>\n\n\n\n<div class=\"wp-block-media-text alignwide has-media-on-the-right is-stacked-on-mobile is-vertically-aligned-center\" style=\"grid-template-columns:auto 52%\"><div class=\"wp-block-media-text__content\">\n<h2 class=\"wp-block-heading has-text-align-center has-white-color has-text-color\"><mark style=\"background-color:rgba(0, 0, 0, 0)\" class=\"has-inline-color has-ast-global-color-3-color\">Vitajte v mojom svete umenia.<\/mark><\/h2>\n\n\n\n<p class=\"has-text-align-center\"> <mark style=\"background-color:rgba(0, 0, 0, 0)\" class=\"has-inline-color has-ast-global-color-0-color\">\u201eKr\u00e1sa zachr\u00e1ni svet\u201c<\/mark>  F. M. Dostojevskij<\/p>\n\n\n\n<p class=\"has-text-align-center\"><\/p>\n\n\n\n<div class=\"wp-block-buttons is-layout-flex wp-block-buttons-is-layout-flex\"><\/div>\n<\/div><figure class=\"wp-block-media-text__media\"><img loading=\"lazy\" decoding=\"async\" width=\"684\" height=\"1024\" src=\"https:\/\/atelierjuzi.com\/wp-content\/uploads\/2025\/10\/Atelier-327-100-684x1024.jpg\" alt=\"\" class=\"wp-image-61 size-full\" srcset=\"https:\/\/atelierjuzi.com\/wp-content\/uploads\/2025\/10\/Atelier-327-100-684x1024.jpg 684w, https:\/\/atelierjuzi.com\/wp-content\/uploads\/2025\/10\/Atelier-327-100-200x300.jpg 200w, https:\/\/atelierjuzi.com\/wp-content\/uploads\/2025\/10\/Atelier-327-100.jpg 709w\" sizes=\"auto, (max-width: 684px) 100vw, 684px\" \/><\/figure><\/div>\n\n\n\n<details class=\"wp-block-details is-layout-flow wp-block-details-is-layout-flow\"><summary><\/summary>\n<p><\/p>\n<\/details>\n\n\n\n<div class=\"wp-block-group has-ast-global-color-5-background-color has-background is-layout-constrained wp-container-core-group-is-layout-2 wp-block-group-is-layout-constrained\" style=\"padding-bottom:0px\">\n<div class=\"wp-block-columns are-vertically-aligned-top is-layout-flex wp-container-core-columns-is-layout-1 wp-block-columns-is-layout-flex\">\n<div class=\"wp-block-column is-vertically-aligned-top is-layout-flow wp-container-core-column-is-layout-1 wp-block-column-is-layout-flow\">\n<h3 class=\"wp-block-heading has-text-align-left\" style=\"margin-top:16px\">Vst\u00fap do ateli\u00e9ru&nbsp;<\/h3>\n\n\n\n<p class=\"has-text-align-left\">Ma\u013ebu, ktor\u00e1 prin\u00e1\u0161a do v\u00e1\u0161ho priestoru tich\u00fa, no siln\u00fa pr\u00edtomnos\u0165 kr\u00e1sy.<\/p>\n<\/div>\n\n\n\n<div class=\"wp-block-column is-vertically-aligned-top is-layout-flow wp-container-core-column-is-layout-2 wp-block-column-is-layout-flow\">\n<figure class=\"wp-block-image size-large\"><img decoding=\"async\" src=\"https:\/\/atelierjuzi.com\/wp-content\/themes\/astra\/inc\/assets\/images\/starter-content\/shopping-bag.svg\" alt=\"\" class=\"wp-image-135\"\/><\/figure>\n\n\n\n<h3 class=\"wp-block-heading has-text-align-left\" style=\"margin-top:16px\">Online Store<\/h3>\n\n\n\n<p class=\"has-text-align-left\">Lorem ipsum dolor consectetur adipiscing elit eiusmod.<\/p>\n<\/div>\n\n\n\n<div class=\"wp-block-column is-vertically-aligned-top is-layout-flow wp-container-core-column-is-layout-3 wp-block-column-is-layout-flow\">\n<figure class=\"wp-block-image size-large\"><img decoding=\"async\" src=\"https:\/\/atelierjuzi.com\/wp-content\/themes\/astra\/inc\/assets\/images\/starter-content\/blog.svg\" alt=\"\" class=\"wp-image-136\"\/><\/figure>\n\n\n\n<h3 class=\"wp-block-heading has-text-align-left\" style=\"margin-top:16px\">Blogging<\/h3>\n\n\n\n<p class=\"has-text-align-left\">Lorem ipsum dolor consectetur adipiscing elit eiusmod.<\/p>\n<\/div>\n\n\n\n<div class=\"wp-block-column is-vertically-aligned-top is-layout-flow wp-container-core-column-is-layout-4 wp-block-column-is-layout-flow\">\n<figure class=\"wp-block-image size-large\"><img decoding=\"async\" src=\"https:\/\/atelierjuzi.com\/wp-content\/themes\/astra\/inc\/assets\/images\/starter-content\/portfolio.svg\" alt=\"\" class=\"wp-image-137\"\/><\/figure>\n\n\n\n<h3 class=\"wp-block-heading has-text-align-left\" style=\"margin-top:16px\">Portfolio<\/h3>\n\n\n\n<p class=\"has-text-align-left\">Lorem ipsum dolor consectetur adipiscing elit eiusmod.<\/p>\n<\/div>\n<\/div>\n<\/div>\n\n\n\n<div class=\"wp-block-group alignfull is-layout-constrained wp-container-core-group-is-layout-3 wp-block-group-is-layout-constrained\" id=\"services\" style=\"padding-top:144px;padding-bottom:0px\">\n<h2 class=\"wp-block-heading\">\u010co vznik\u00e1 v mojim ateli\u00e9ri<\/h2>\n\n\n\n<div class=\"wp-block-columns is-layout-flex wp-container-core-columns-is-layout-2 wp-block-columns-is-layout-flex\" style=\"margin-top:50px\">\n<div class=\"wp-block-column is-layout-flow wp-container-core-column-is-layout-5 wp-block-column-is-layout-flow\">\n<figure class=\"wp-block-image size-full\"><img loading=\"lazy\" decoding=\"async\" width=\"1913\" height=\"1321\" src=\"https:\/\/atelierjuzi.com\/wp-content\/uploads\/2025\/10\/Drei-Majestaten-120-x-90-cm.jpg\" alt=\"\" class=\"wp-image-71\" srcset=\"https:\/\/atelierjuzi.com\/wp-content\/uploads\/2025\/10\/Drei-Majestaten-120-x-90-cm.jpg 1913w, https:\/\/atelierjuzi.com\/wp-content\/uploads\/2025\/10\/Drei-Majestaten-120-x-90-cm-300x207.jpg 300w, https:\/\/atelierjuzi.com\/wp-content\/uploads\/2025\/10\/Drei-Majestaten-120-x-90-cm-1024x707.jpg 1024w, https:\/\/atelierjuzi.com\/wp-content\/uploads\/2025\/10\/Drei-Majestaten-120-x-90-cm-768x530.jpg 768w, https:\/\/atelierjuzi.com\/wp-content\/uploads\/2025\/10\/Drei-Majestaten-120-x-90-cm-1536x1061.jpg 1536w\" sizes=\"auto, (max-width: 1913px) 100vw, 1913px\" \/><\/figure>\n\n\n\n<h3 class=\"wp-block-heading\" style=\"margin-top:16px\">Ma\u013eba in\u0161pirovan\u00e1 realitou kr\u00e1sy<\/h3>\n\n\n\n<p><a href=\"https:\/\/atelierjuzi.com\/?page_id=30\">Ma\u013eby<\/a><\/p>\n\n\n\n<p>Moje ma\u013eby, kde je proces rovnako d\u00f4le\u017eit\u00fd ako v\u00fdsledok. <\/p>\n<\/div>\n\n\n\n<div class=\"wp-block-column is-layout-flow wp-container-core-column-is-layout-6 wp-block-column-is-layout-flow\">\n<figure class=\"wp-block-image size-full\"><img loading=\"lazy\" decoding=\"async\" width=\"343\" height=\"411\" src=\"https:\/\/atelierjuzi.com\/wp-content\/uploads\/2025\/10\/12.jpg\" alt=\"\" class=\"wp-image-73\" srcset=\"https:\/\/atelierjuzi.com\/wp-content\/uploads\/2025\/10\/12.jpg 343w, https:\/\/atelierjuzi.com\/wp-content\/uploads\/2025\/10\/12-250x300.jpg 250w\" sizes=\"auto, (max-width: 343px) 100vw, 343px\" \/><\/figure>\n\n\n\n<h3 class=\"wp-block-heading\" style=\"margin-top:16px\">Objavujte pr\u00edbehy farieb<\/h3>\n\n\n\n<p>Nechajte sa vtiahnu\u0165 do v\u00edru farieb a \u0165ahov. Ma\u013eby, ktor\u00e9 vznikli v jedinom, neopakovate\u013enom okamihu. <strong>Energia \u0165ahu. Moment, ktor\u00fd zostal v \u010dase.<\/strong> Ka\u017ed\u00e1 l\u00ednia, ka\u017ed\u00e1 kvapka farby je svedectvom. Vyberte si obraz pln\u00fd dynamiky a \u017eivota.<\/p>\n<\/div>\n\n\n\n<div class=\"wp-block-column is-layout-flow wp-container-core-column-is-layout-7 wp-block-column-is-layout-flow\">\n<figure class=\"wp-block-image size-full\"><img loading=\"lazy\" decoding=\"async\" width=\"1920\" height=\"2560\" src=\"https:\/\/atelierjuzi.com\/wp-content\/uploads\/2025\/10\/IMG_20240627_104757.jpg\" alt=\"\" class=\"wp-image-74\" srcset=\"https:\/\/atelierjuzi.com\/wp-content\/uploads\/2025\/10\/IMG_20240627_104757.jpg 1920w, https:\/\/atelierjuzi.com\/wp-content\/uploads\/2025\/10\/IMG_20240627_104757-225x300.jpg 225w, https:\/\/atelierjuzi.com\/wp-content\/uploads\/2025\/10\/IMG_20240627_104757-768x1024.jpg 768w, https:\/\/atelierjuzi.com\/wp-content\/uploads\/2025\/10\/IMG_20240627_104757-1152x1536.jpg 1152w, https:\/\/atelierjuzi.com\/wp-content\/uploads\/2025\/10\/IMG_20240627_104757-1536x2048.jpg 1536w\" sizes=\"auto, (max-width: 1920px) 100vw, 1920px\" \/><\/figure>\n\n\n\n<h3 class=\"wp-block-heading\" style=\"margin-top:16px\">Viac ako Obraz. Okno do Posv\u00e4tn\u00e9ho.<\/h3>\n\n\n\n<p>Nad\u010dasov\u00e1 kr\u00e1sa pre du\u0161u. <\/p>\n\n\n\n<p>Diela vytvoren\u00e9 s \u00factou k Bohu. Umenia, ktor\u00e9 <strong>pretrv\u00e1 gener\u00e1cie<\/strong> a prehlbuje duchon\u00fd rozmer domova.<\/p>\n\n\n\n<p>Objavte sakr\u00e1lnu ma\u013ebu, ktor\u00e1 <strong>o\u017eivuje pr\u00edbehy viery<\/strong> a prin\u00e1\u0161a do v\u00e1\u0161ho priestoru tich\u00fa, no siln\u00fa pr\u00edtomnos\u0165. Ka\u017ed\u00fd \u0165ah in\u0161pirovan\u00fd trad\u00edciou a n\u00e1dejou.<\/p>\n<\/div>\n<\/div>\n<\/div>\n\n\n\n<div class=\"wp-block-group alignfull has-ast-global-color-5-background-color has-background is-layout-constrained wp-container-core-group-is-layout-5 wp-block-group-is-layout-constrained\" id=\"about\" style=\"padding-top:143px;padding-bottom:144px\">\n<div class=\"wp-block-media-text has-media-on-the-right is-stacked-on-mobile is-vertically-aligned-center\"><div class=\"wp-block-media-text__content\">\n<div class=\"inherit-container-width wp-block-group is-layout-constrained wp-container-core-group-is-layout-4 wp-block-group-is-layout-constrained\" style=\"padding-right:80px\">\n<h2 class=\"wp-block-heading\" style=\"padding-right:40px\">We help teams build the business of their dreams<\/h2>\n\n\n\n<p>Zmena<\/p>\n\n\n\n<p>Nibh egestas dictumst cursus est turpis quis tincidunt pulvinar maecenas eget massa vel, ante nam blandit egestas enim id quis sit maecenas id nunc tempus auctor orci, enim imperdiet proin nibh mattis.<\/p>\n<\/div>\n<\/div><figure class=\"wp-block-media-text__media\"><img decoding=\"async\" src=\"https:\/\/atelierjuzi.com\/wp-content\/themes\/astra\/inc\/assets\/images\/starter-content\/about-us.jpg\" alt=\"\" class=\"wp-image-237 size-full\"\/><\/figure><\/div>\n<\/div>\n\n\n\n<div class=\"wp-block-group alignfull has-ast-global-color-4-background-color has-background is-layout-constrained wp-container-core-group-is-layout-6 wp-block-group-is-layout-constrained\" id=\"reviews\"><\/div>\n\n\n\n<div class=\"wp-block-cover alignfull is-light\" style=\"margin-top:0;padding-top:5vw;padding-right:5vw;padding-bottom:5vw;padding-left:5vw;min-height:195px;aspect-ratio:unset;\"><span aria-hidden=\"true\" class=\"wp-block-cover__background has-background-dim-100 has-background-dim has-background-gradient\" style=\"background:linear-gradient(90deg,rgb(35,74,20) 50%,rgb(225,137,116) 50%)\"><\/span><div class=\"wp-block-cover__inner-container is-layout-flow wp-block-cover-is-layout-flow\">\n<p class=\"has-text-align-center has-large-font-size\"><\/p>\n<\/div><\/div>\n\n\n\n<div class=\"wp-block-group alignfull has-ast-global-color-4-background-color has-background is-layout-constrained wp-container-core-group-is-layout-7 wp-block-group-is-layout-constrained\" id=\"reviews\">\n<figure class=\"wp-block-image aligncenter size-full\"><img decoding=\"async\" src=\"https:\/\/atelierjuzi.com\/wp-content\/themes\/astra\/inc\/assets\/images\/starter-content\/avatar.png\" alt=\"\" class=\"wp-image-235\"\/><\/figure>\n\n\n\n<p class=\"has-text-align-center\" style=\"font-size:22px;line-height:1.6\">UMENIE JE MOJA RE\u010c. <\/p>\n\n\n\n<p class=\"has-text-align-center\"><strong>Z.K.<\/strong><\/p>\n\n\n\n<div class=\"wp-block-uagb-buttons uagb-buttons__outer-wrap uagb-btn__default-btn uagb-btn-tablet__default-btn uagb-btn-mobile__default-btn uagb-block-e7e4e3cf\"><div class=\"uagb-buttons__wrap uagb-buttons-layout-wrap \">\n<div class=\"wp-block-uagb-buttons-child uagb-buttons__outer-wrap uagb-block-7e2bb277 wp-block-button\"><div class=\"uagb-button__wrapper\"><a class=\"uagb-buttons-repeater wp-block-button__link\" aria-label=\"\" href=\"#\" rel=\"follow noopener\" target=\"_self\" role=\"button\"><div class=\"uagb-button__link\">MA\u013dBY<\/div><\/a><\/div><\/div>\n<\/div><\/div>\n<\/div>\n\n\n\n<p><\/p>\n","protected":false},"excerpt":{"rendered":"<p>Vst\u00fap do ateli\u00e9ru&nbsp; Ma\u013ebu, ktor\u00e1 prin\u00e1\u0161a do v\u00e1\u0161ho priestoru tich\u00fa, no siln\u00fa pr\u00edtomnos\u0165 kr\u00e1sy. Online Store Lorem ipsum dolor consectetur [&hellip;]<\/p>\n","protected":false},"author":1,"featured_media":0,"parent":0,"menu_order":0,"comment_status":"closed","ping_status":"closed","template":"","meta":{"_uag_custom_page_level_css":"","_monsterinsights_skip_tracking":false,"_monsterinsights_sitenote_active":false,"_monsterinsights_sitenote_note":"","_monsterinsights_sitenote_category":0,"site-sidebar-layout":"no-sidebar","site-content-layout":"plain-container","ast-site-content-layout":"","site-content-style":"default","site-sidebar-style":"default","ast-global-header-display":"","ast-banner-title-visibility":"","ast-main-header-display":"","ast-hfb-above-header-display":"","ast-hfb-below-header-display":"","ast-hfb-mobile-header-display":"","site-post-title":"disabled","ast-breadcrumbs-content":"","ast-featured-img":"","footer-sml-layout":"","theme-transparent-header-meta":"enabled","adv-header-id-meta":"","stick-header-meta":"","header-above-stick-meta":"","header-main-stick-meta":"","header-below-stick-meta":"","astra-migrate-meta-layouts":"default","ast-page-background-enabled":"default","ast-page-background-meta":{"desktop":{"background-color":"var(--ast-global-color-5)","background-image":"","background-repeat":"repeat","background-position":"center center","background-size":"auto","background-attachment":"scroll","background-type":"","background-media":"","overlay-type":"","overlay-color":"","overlay-opacity":"","overlay-gradient":""},"tablet":{"background-color":"","background-image":"","background-repeat":"repeat","background-position":"center center","background-size":"auto","background-attachment":"scroll","background-type":"","background-media":"","overlay-type":"","overlay-color":"","overlay-opacity":"","overlay-gradient":""},"mobile":{"background-color":"","background-image":"","background-repeat":"repeat","background-position":"center center","background-size":"auto","background-attachment":"scroll","background-type":"","background-media":"","overlay-type":"","overlay-color":"","overlay-opacity":"","overlay-gradient":""}},"ast-content-background-meta":{"desktop":{"background-color":"var(--ast-global-color-4)","background-image":"","background-repeat":"repeat","background-position":"center center","background-size":"auto","background-attachment":"scroll","background-type":"","background-media":"","overlay-type":"","overlay-color":"","overlay-opacity":"","overlay-gradient":""},"tablet":{"background-color":"var(--ast-global-color-4)","background-image":"","background-repeat":"repeat","background-position":"center center","background-size":"auto","background-attachment":"scroll","background-type":"","background-media":"","overlay-type":"","overlay-color":"","overlay-opacity":"","overlay-gradient":""},"mobile":{"background-color":"var(--ast-global-color-4)","background-image":"","background-repeat":"repeat","background-position":"center center","background-size":"auto","background-attachment":"scroll","background-type":"","background-media":"","overlay-type":"","overlay-color":"","overlay-opacity":"","overlay-gradient":""}},"footnotes":""},"class_list":["post-11","page","type-page","status-publish","hentry"],"yoast_head":"<!-- This site is optimized with the Yoast SEO plugin v24.6 - https:\/\/yoast.com\/wordpress\/plugins\/seo\/ -->\n<title>\u00davod - atelierjuzi.com<\/title>\n<meta name=\"robots\" content=\"index, follow, max-snippet:-1, max-image-preview:large, max-video-preview:-1\" \/>\n<link rel=\"canonical\" href=\"https:\/\/atelierjuzi.com\/\" \/>\n<meta property=\"og:locale\" content=\"sk_SK\" \/>\n<meta property=\"og:type\" content=\"article\" \/>\n<meta property=\"og:title\" content=\"\u00davod - atelierjuzi.com\" \/>\n<meta property=\"og:description\" content=\"Vst\u00fap do ateli\u00e9ru&nbsp; Ma\u013ebu, ktor\u00e1 prin\u00e1\u0161a do v\u00e1\u0161ho priestoru tich\u00fa, no siln\u00fa pr\u00edtomnos\u0165 kr\u00e1sy. Online Store Lorem ipsum dolor consectetur [&hellip;]\" \/>\n<meta property=\"og:url\" content=\"https:\/\/atelierjuzi.com\/\" \/>\n<meta property=\"og:site_name\" content=\"atelierjuzi.com\" \/>\n<meta property=\"article:modified_time\" content=\"2025-10-17T13:29:56+00:00\" \/>\n<meta property=\"og:image\" content=\"https:\/\/atelierjuzi.com\/wp-content\/uploads\/2025\/10\/Atelier-327-100.jpg\" \/>\n\t<meta property=\"og:image:width\" content=\"709\" \/>\n\t<meta property=\"og:image:height\" content=\"1062\" \/>\n\t<meta property=\"og:image:type\" content=\"image\/jpeg\" \/>\n<meta name=\"twitter:card\" content=\"summary_large_image\" \/>\n<meta name=\"twitter:label1\" content=\"Predpokladan\u00fd \u010das \u010d\u00edtania\" \/>\n\t<meta name=\"twitter:data1\" content=\"3 min\u00faty\" \/>\n<script type=\"application\/ld+json\" class=\"yoast-schema-graph\">{\"@context\":\"https:\/\/schema.org\",\"@graph\":[{\"@type\":\"WebPage\",\"@id\":\"https:\/\/atelierjuzi.com\/\",\"url\":\"https:\/\/atelierjuzi.com\/\",\"name\":\"\u00davod - atelierjuzi.com\",\"isPartOf\":{\"@id\":\"https:\/\/atelierjuzi.com\/#website\"},\"primaryImageOfPage\":{\"@id\":\"https:\/\/atelierjuzi.com\/#primaryimage\"},\"image\":{\"@id\":\"https:\/\/atelierjuzi.com\/#primaryimage\"},\"thumbnailUrl\":\"https:\/\/atelierjuzi.com\/wp-content\/uploads\/2025\/10\/Atelier-327-100-684x1024.jpg\",\"datePublished\":\"2025-02-03T14:26:14+00:00\",\"dateModified\":\"2025-10-17T13:29:56+00:00\",\"breadcrumb\":{\"@id\":\"https:\/\/atelierjuzi.com\/#breadcrumb\"},\"inLanguage\":\"sk-SK\",\"potentialAction\":[{\"@type\":\"ReadAction\",\"target\":[\"https:\/\/atelierjuzi.com\/\"]}]},{\"@type\":\"ImageObject\",\"inLanguage\":\"sk-SK\",\"@id\":\"https:\/\/atelierjuzi.com\/#primaryimage\",\"url\":\"https:\/\/atelierjuzi.com\/wp-content\/uploads\/2025\/10\/Atelier-327-100.jpg\",\"contentUrl\":\"https:\/\/atelierjuzi.com\/wp-content\/uploads\/2025\/10\/Atelier-327-100.jpg\",\"width\":709,\"height\":1062},{\"@type\":\"BreadcrumbList\",\"@id\":\"https:\/\/atelierjuzi.com\/#breadcrumb\",\"itemListElement\":[{\"@type\":\"ListItem\",\"position\":1,\"name\":\"Home\",\"item\":\"https:\/\/atelierjuzi.com\/\"},{\"@type\":\"ListItem\",\"position\":2,\"name\":\"\u00davod\"}]},{\"@type\":\"WebSite\",\"@id\":\"https:\/\/atelierjuzi.com\/#website\",\"url\":\"https:\/\/atelierjuzi.com\/\",\"name\":\"atelierjuzi.com\",\"description\":\"\",\"publisher\":{\"@id\":\"https:\/\/atelierjuzi.com\/#organization\"},\"potentialAction\":[{\"@type\":\"SearchAction\",\"target\":{\"@type\":\"EntryPoint\",\"urlTemplate\":\"https:\/\/atelierjuzi.com\/?s={search_term_string}\"},\"query-input\":{\"@type\":\"PropertyValueSpecification\",\"valueRequired\":true,\"valueName\":\"search_term_string\"}}],\"inLanguage\":\"sk-SK\"},{\"@type\":\"Organization\",\"@id\":\"https:\/\/atelierjuzi.com\/#organization\",\"name\":\"atelierjuzi.com\",\"url\":\"https:\/\/atelierjuzi.com\/\",\"logo\":{\"@type\":\"ImageObject\",\"inLanguage\":\"sk-SK\",\"@id\":\"https:\/\/atelierjuzi.com\/#\/schema\/logo\/image\/\",\"url\":\"https:\/\/atelierjuzi.com\/wp-content\/uploads\/2025\/02\/logo-1.png\",\"contentUrl\":\"https:\/\/atelierjuzi.com\/wp-content\/uploads\/2025\/02\/logo-1.png\",\"width\":156,\"height\":40,\"caption\":\"atelierjuzi.com\"},\"image\":{\"@id\":\"https:\/\/atelierjuzi.com\/#\/schema\/logo\/image\/\"}}]}<\/script>\n<!-- \/ Yoast SEO plugin. -->","yoast_head_json":{"title":"\u00davod - atelierjuzi.com","robots":{"index":"index","follow":"follow","max-snippet":"max-snippet:-1","max-image-preview":"max-image-preview:large","max-video-preview":"max-video-preview:-1"},"canonical":"https:\/\/atelierjuzi.com\/","og_locale":"sk_SK","og_type":"article","og_title":"\u00davod - atelierjuzi.com","og_description":"Vst\u00fap do ateli\u00e9ru&nbsp; Ma\u013ebu, ktor\u00e1 prin\u00e1\u0161a do v\u00e1\u0161ho priestoru tich\u00fa, no siln\u00fa pr\u00edtomnos\u0165 kr\u00e1sy. Online Store Lorem ipsum dolor consectetur [&hellip;]","og_url":"https:\/\/atelierjuzi.com\/","og_site_name":"atelierjuzi.com","article_modified_time":"2025-10-17T13:29:56+00:00","og_image":[{"width":709,"height":1062,"url":"https:\/\/atelierjuzi.com\/wp-content\/uploads\/2025\/10\/Atelier-327-100.jpg","type":"image\/jpeg"}],"twitter_card":"summary_large_image","twitter_misc":{"Predpokladan\u00fd \u010das \u010d\u00edtania":"3 min\u00faty"},"schema":{"@context":"https:\/\/schema.org","@graph":[{"@type":"WebPage","@id":"https:\/\/atelierjuzi.com\/","url":"https:\/\/atelierjuzi.com\/","name":"\u00davod - atelierjuzi.com","isPartOf":{"@id":"https:\/\/atelierjuzi.com\/#website"},"primaryImageOfPage":{"@id":"https:\/\/atelierjuzi.com\/#primaryimage"},"image":{"@id":"https:\/\/atelierjuzi.com\/#primaryimage"},"thumbnailUrl":"https:\/\/atelierjuzi.com\/wp-content\/uploads\/2025\/10\/Atelier-327-100-684x1024.jpg","datePublished":"2025-02-03T14:26:14+00:00","dateModified":"2025-10-17T13:29:56+00:00","breadcrumb":{"@id":"https:\/\/atelierjuzi.com\/#breadcrumb"},"inLanguage":"sk-SK","potentialAction":[{"@type":"ReadAction","target":["https:\/\/atelierjuzi.com\/"]}]},{"@type":"ImageObject","inLanguage":"sk-SK","@id":"https:\/\/atelierjuzi.com\/#primaryimage","url":"https:\/\/atelierjuzi.com\/wp-content\/uploads\/2025\/10\/Atelier-327-100.jpg","contentUrl":"https:\/\/atelierjuzi.com\/wp-content\/uploads\/2025\/10\/Atelier-327-100.jpg","width":709,"height":1062},{"@type":"BreadcrumbList","@id":"https:\/\/atelierjuzi.com\/#breadcrumb","itemListElement":[{"@type":"ListItem","position":1,"name":"Home","item":"https:\/\/atelierjuzi.com\/"},{"@type":"ListItem","position":2,"name":"\u00davod"}]},{"@type":"WebSite","@id":"https:\/\/atelierjuzi.com\/#website","url":"https:\/\/atelierjuzi.com\/","name":"atelierjuzi.com","description":"","publisher":{"@id":"https:\/\/atelierjuzi.com\/#organization"},"potentialAction":[{"@type":"SearchAction","target":{"@type":"EntryPoint","urlTemplate":"https:\/\/atelierjuzi.com\/?s={search_term_string}"},"query-input":{"@type":"PropertyValueSpecification","valueRequired":true,"valueName":"search_term_string"}}],"inLanguage":"sk-SK"},{"@type":"Organization","@id":"https:\/\/atelierjuzi.com\/#organization","name":"atelierjuzi.com","url":"https:\/\/atelierjuzi.com\/","logo":{"@type":"ImageObject","inLanguage":"sk-SK","@id":"https:\/\/atelierjuzi.com\/#\/schema\/logo\/image\/","url":"https:\/\/atelierjuzi.com\/wp-content\/uploads\/2025\/02\/logo-1.png","contentUrl":"https:\/\/atelierjuzi.com\/wp-content\/uploads\/2025\/02\/logo-1.png","width":156,"height":40,"caption":"atelierjuzi.com"},"image":{"@id":"https:\/\/atelierjuzi.com\/#\/schema\/logo\/image\/"}}]}},"uagb_featured_image_src":{"full":false,"thumbnail":false,"medium":false,"medium_large":false,"large":false,"1536x1536":false,"2048x2048":false},"uagb_author_info":{"display_name":"tuorol","author_link":"https:\/\/atelierjuzi.com\/?author=1"},"uagb_comment_info":0,"uagb_excerpt":"Vst\u00fap do ateli\u00e9ru&nbsp; Ma\u013ebu, ktor\u00e1 prin\u00e1\u0161a do v\u00e1\u0161ho priestoru tich\u00fa, no siln\u00fa pr\u00edtomnos\u0165 kr\u00e1sy. Online Store Lorem ipsum dolor consectetur [&hellip;]","_links":{"self":[{"href":"https:\/\/atelierjuzi.com\/index.php?rest_route=\/wp\/v2\/pages\/11","targetHints":{"allow":["GET"]}}],"collection":[{"href":"https:\/\/atelierjuzi.com\/index.php?rest_route=\/wp\/v2\/pages"}],"about":[{"href":"https:\/\/atelierjuzi.com\/index.php?rest_route=\/wp\/v2\/types\/page"}],"author":[{"embeddable":true,"href":"https:\/\/atelierjuzi.com\/index.php?rest_route=\/wp\/v2\/users\/1"}],"replies":[{"embeddable":true,"href":"https:\/\/atelierjuzi.com\/index.php?rest_route=%2Fwp%2Fv2%2Fcomments&post=11"}],"version-history":[{"count":6,"href":"https:\/\/atelierjuzi.com\/index.php?rest_route=\/wp\/v2\/pages\/11\/revisions"}],"predecessor-version":[{"id":137,"href":"https:\/\/atelierjuzi.com\/index.php?rest_route=\/wp\/v2\/pages\/11\/revisions\/137"}],"wp:attachment":[{"href":"https:\/\/atelierjuzi.com\/index.php?rest_route=%2Fwp%2Fv2%2Fmedia&parent=11"}],"curies":[{"name":"wp","href":"https:\/\/api.w.org\/{rel}","templated":true}]}}